{"id":2994,"date":"2020-11-07T03:41:28","date_gmt":"2020-11-07T03:41:28","guid":{"rendered":"https:\/\/www.joeraineymusic.com\/?post_type=product&#038;p=2994"},"modified":"2020-11-12T10:24:17","modified_gmt":"2020-11-12T10:24:17","slug":"music-for-films","status":"publish","type":"product","link":"https:\/\/www.joe-rainey.com\/es\/producto\/music-for-films\/","title":{"rendered":"M\u00fasica para pel\u00edculas"},"content":{"rendered":"","protected":false},"excerpt":{"rendered":"","protected":false},"featured_media":2324,"template":"","meta":{"_monsterinsights_skip_tracking":false,"_monsterinsights_sitenote_active":false,"_monsterinsights_sitenote_note":"","_monsterinsights_sitenote_category":0},"product_brand":[],"product_cat":[90,89],"product_tag":[97],"class_list":{"0":"post-2994","1":"product","2":"type-product","3":"status-publish","4":"has-post-thumbnail","6":"product_cat-music-composition","7":"product_cat-music-production","8":"product_tag-music-for-films","10":"first","11":"instock","12":"shipping-taxable","13":"product-type-simple"},"yoast_head":"<!-- This site is optimized with the Yoast SEO plugin v27.4 - https:\/\/yoast.com\/product\/yoast-seo-wordpress\/ -->\n<title>Music Composer for Films - Music Services - Joe Rainey<\/title>\n<meta name=\"description\" content=\"Whether you need a traditional orchestral score, or modern electronic soundworks, count on me to be the composer of the music for your films.\" \/>\n<meta name=\"robots\" content=\"index, follow, max-snippet:-1, max-image-preview:large, max-video-preview:-1\" \/>\n<link rel=\"canonical\" href=\"https:\/\/www.joe-rainey.com\/es\/producto\/music-for-films\/\" \/>\n<meta property=\"og:locale\" content=\"es_ES\" \/>\n<meta property=\"og:type\" content=\"article\" \/>\n<meta property=\"og:title\" content=\"Music Composer for Films - Music Services - Joe Rainey\" \/>\n<meta property=\"og:description\" content=\"Whether you need a traditional orchestral score, or modern electronic soundworks, count on me to be the composer of the music for your films.\" \/>\n<meta property=\"og:url\" content=\"https:\/\/www.joe-rainey.com\/es\/producto\/music-for-films\/\" \/>\n<meta property=\"og:site_name\" content=\"Joe Rainey\" \/>\n<meta property=\"article:modified_time\" content=\"2020-11-12T10:24:17+00:00\" \/>\n<meta property=\"og:image\" content=\"https:\/\/www.joe-rainey.com\/wp-content\/uploads\/2020\/06\/pngwave-37.png\" \/>\n\t<meta property=\"og:image:width\" content=\"1030\" \/>\n\t<meta property=\"og:image:height\" content=\"1030\" \/>\n\t<meta property=\"og:image:type\" content=\"image\/png\" \/>\n<meta name=\"twitter:card\" content=\"summary_large_image\" \/>\n<script type=\"application\/ld+json\" class=\"yoast-schema-graph\">{\"@context\":\"https:\\\/\\\/schema.org\",\"@graph\":[{\"@type\":\"WebPage\",\"@id\":\"https:\\\/\\\/www.joe-rainey.com\\\/product\\\/music-for-films\\\/\",\"url\":\"https:\\\/\\\/www.joe-rainey.com\\\/product\\\/music-for-films\\\/\",\"name\":\"Music Composer for Films - Music Services - Joe Rainey\",\"isPartOf\":{\"@id\":\"https:\\\/\\\/www.joe-rainey.com\\\/#website\"},\"primaryImageOfPage\":{\"@id\":\"https:\\\/\\\/www.joe-rainey.com\\\/product\\\/music-for-films\\\/#primaryimage\"},\"image\":{\"@id\":\"https:\\\/\\\/www.joe-rainey.com\\\/product\\\/music-for-films\\\/#primaryimage\"},\"thumbnailUrl\":\"https:\\\/\\\/www.joe-rainey.com\\\/wp-content\\\/uploads\\\/2020\\\/06\\\/pngwave-37.png\",\"datePublished\":\"2020-11-07T03:41:28+00:00\",\"dateModified\":\"2020-11-12T10:24:17+00:00\",\"description\":\"Whether you need a traditional orchestral score, or modern electronic soundworks, count on me to be the composer of the music for your films.\",\"breadcrumb\":{\"@id\":\"https:\\\/\\\/www.joe-rainey.com\\\/product\\\/music-for-films\\\/#breadcrumb\"},\"inLanguage\":\"es\",\"potentialAction\":[{\"@type\":\"ReadAction\",\"target\":[\"https:\\\/\\\/www.joe-rainey.com\\\/product\\\/music-for-films\\\/\"]}]},{\"@type\":\"ImageObject\",\"inLanguage\":\"es\",\"@id\":\"https:\\\/\\\/www.joe-rainey.com\\\/product\\\/music-for-films\\\/#primaryimage\",\"url\":\"https:\\\/\\\/www.joe-rainey.com\\\/wp-content\\\/uploads\\\/2020\\\/06\\\/pngwave-37.png\",\"contentUrl\":\"https:\\\/\\\/www.joe-rainey.com\\\/wp-content\\\/uploads\\\/2020\\\/06\\\/pngwave-37.png\",\"width\":1030,\"height\":1030,\"caption\":\"Music for Films\"},{\"@type\":\"BreadcrumbList\",\"@id\":\"https:\\\/\\\/www.joe-rainey.com\\\/product\\\/music-for-films\\\/#breadcrumb\",\"itemListElement\":[{\"@type\":\"ListItem\",\"position\":1,\"name\":\"Home\",\"item\":\"https:\\\/\\\/www.joe-rainey.com\\\/\"},{\"@type\":\"ListItem\",\"position\":2,\"name\":\"Shop\",\"item\":\"https:\\\/\\\/www.joe-rainey.com\\\/es\\\/music-services\\\/\"},{\"@type\":\"ListItem\",\"position\":3,\"name\":\"Music for Films\"}]},{\"@type\":\"WebSite\",\"@id\":\"https:\\\/\\\/www.joe-rainey.com\\\/#website\",\"url\":\"https:\\\/\\\/www.joe-rainey.com\\\/\",\"name\":\"Joe Rainey\",\"description\":\"\",\"publisher\":{\"@id\":\"https:\\\/\\\/www.joe-rainey.com\\\/#\\\/schema\\\/person\\\/d289d28ce84554c3549688d3ab4531a1\"},\"potentialAction\":[{\"@type\":\"SearchAction\",\"target\":{\"@type\":\"EntryPoint\",\"urlTemplate\":\"https:\\\/\\\/www.joe-rainey.com\\\/?s={search_term_string}\"},\"query-input\":{\"@type\":\"PropertyValueSpecification\",\"valueRequired\":true,\"valueName\":\"search_term_string\"}}],\"inLanguage\":\"es\"},{\"@type\":[\"Person\",\"Organization\"],\"@id\":\"https:\\\/\\\/www.joe-rainey.com\\\/#\\\/schema\\\/person\\\/d289d28ce84554c3549688d3ab4531a1\",\"name\":\"Joe Rainey\",\"image\":{\"@type\":\"ImageObject\",\"inLanguage\":\"es\",\"@id\":\"https:\\\/\\\/secure.gravatar.com\\\/avatar\\\/e159ac7d5ce51fcb77106aa31a4efcca6a824386af1ccb2ab8bf75bafd88a72f?s=96&d=mm&r=g\",\"url\":\"https:\\\/\\\/secure.gravatar.com\\\/avatar\\\/e159ac7d5ce51fcb77106aa31a4efcca6a824386af1ccb2ab8bf75bafd88a72f?s=96&d=mm&r=g\",\"contentUrl\":\"https:\\\/\\\/secure.gravatar.com\\\/avatar\\\/e159ac7d5ce51fcb77106aa31a4efcca6a824386af1ccb2ab8bf75bafd88a72f?s=96&d=mm&r=g\",\"caption\":\"Joe Rainey\"},\"logo\":{\"@id\":\"https:\\\/\\\/secure.gravatar.com\\\/avatar\\\/e159ac7d5ce51fcb77106aa31a4efcca6a824386af1ccb2ab8bf75bafd88a72f?s=96&d=mm&r=g\"},\"description\":\"Hi. I'm a solo artist and music composer for films and video games. I also write a blog, mostly music related, but also include other things of my interest.\"}]}<\/script>\n<!-- \/ Yoast SEO plugin. -->","yoast_head_json":{"title":"Music Composer for Films - Music Services - Joe Rainey","description":"Ya sea que tu pel\u00edcula necesite una partitura orquestal tradicional o m\u00fasica electr\u00f3nica moderna, cuenta conmigo para ser el compositor.","robots":{"index":"index","follow":"follow","max-snippet":"max-snippet:-1","max-image-preview":"max-image-preview:large","max-video-preview":"max-video-preview:-1"},"canonical":"https:\/\/www.joe-rainey.com\/es\/producto\/music-for-films\/","og_locale":"es_ES","og_type":"article","og_title":"Music Composer for Films - Music Services - Joe Rainey","og_description":"Whether you need a traditional orchestral score, or modern electronic soundworks, count on me to be the composer of the music for your films.","og_url":"https:\/\/www.joe-rainey.com\/es\/producto\/music-for-films\/","og_site_name":"Joe Rainey","article_modified_time":"2020-11-12T10:24:17+00:00","og_image":[{"width":1030,"height":1030,"url":"https:\/\/www.joe-rainey.com\/wp-content\/uploads\/2020\/06\/pngwave-37.png","type":"image\/png"}],"twitter_card":"summary_large_image","schema":{"@context":"https:\/\/schema.org","@graph":[{"@type":"WebPage","@id":"https:\/\/www.joe-rainey.com\/product\/music-for-films\/","url":"https:\/\/www.joe-rainey.com\/product\/music-for-films\/","name":"Music Composer for Films - Music Services - Joe Rainey","isPartOf":{"@id":"https:\/\/www.joe-rainey.com\/#website"},"primaryImageOfPage":{"@id":"https:\/\/www.joe-rainey.com\/product\/music-for-films\/#primaryimage"},"image":{"@id":"https:\/\/www.joe-rainey.com\/product\/music-for-films\/#primaryimage"},"thumbnailUrl":"https:\/\/www.joe-rainey.com\/wp-content\/uploads\/2020\/06\/pngwave-37.png","datePublished":"2020-11-07T03:41:28+00:00","dateModified":"2020-11-12T10:24:17+00:00","description":"Ya sea que tu pel\u00edcula necesite una partitura orquestal tradicional o m\u00fasica electr\u00f3nica moderna, cuenta conmigo para ser el compositor.","breadcrumb":{"@id":"https:\/\/www.joe-rainey.com\/product\/music-for-films\/#breadcrumb"},"inLanguage":"es","potentialAction":[{"@type":"ReadAction","target":["https:\/\/www.joe-rainey.com\/product\/music-for-films\/"]}]},{"@type":"ImageObject","inLanguage":"es","@id":"https:\/\/www.joe-rainey.com\/product\/music-for-films\/#primaryimage","url":"https:\/\/www.joe-rainey.com\/wp-content\/uploads\/2020\/06\/pngwave-37.png","contentUrl":"https:\/\/www.joe-rainey.com\/wp-content\/uploads\/2020\/06\/pngwave-37.png","width":1030,"height":1030,"caption":"Music for Films"},{"@type":"BreadcrumbList","@id":"https:\/\/www.joe-rainey.com\/product\/music-for-films\/#breadcrumb","itemListElement":[{"@type":"ListItem","position":1,"name":"Home","item":"https:\/\/www.joe-rainey.com\/"},{"@type":"ListItem","position":2,"name":"Shop","item":"https:\/\/www.joe-rainey.com\/es\/music-services\/"},{"@type":"ListItem","position":3,"name":"Music for Films"}]},{"@type":"WebSite","@id":"https:\/\/www.joe-rainey.com\/#website","url":"https:\/\/www.joe-rainey.com\/","name":"Joe Rainey","description":"","publisher":{"@id":"https:\/\/www.joe-rainey.com\/#\/schema\/person\/d289d28ce84554c3549688d3ab4531a1"},"potentialAction":[{"@type":"SearchAction","target":{"@type":"EntryPoint","urlTemplate":"https:\/\/www.joe-rainey.com\/?s={search_term_string}"},"query-input":{"@type":"PropertyValueSpecification","valueRequired":true,"valueName":"search_term_string"}}],"inLanguage":"es"},{"@type":["Person","Organization"],"@id":"https:\/\/www.joe-rainey.com\/#\/schema\/person\/d289d28ce84554c3549688d3ab4531a1","name":"Joe Rainey","image":{"@type":"ImageObject","inLanguage":"es","@id":"https:\/\/secure.gravatar.com\/avatar\/e159ac7d5ce51fcb77106aa31a4efcca6a824386af1ccb2ab8bf75bafd88a72f?s=96&d=mm&r=g","url":"https:\/\/secure.gravatar.com\/avatar\/e159ac7d5ce51fcb77106aa31a4efcca6a824386af1ccb2ab8bf75bafd88a72f?s=96&d=mm&r=g","contentUrl":"https:\/\/secure.gravatar.com\/avatar\/e159ac7d5ce51fcb77106aa31a4efcca6a824386af1ccb2ab8bf75bafd88a72f?s=96&d=mm&r=g","caption":"Joe Rainey"},"logo":{"@id":"https:\/\/secure.gravatar.com\/avatar\/e159ac7d5ce51fcb77106aa31a4efcca6a824386af1ccb2ab8bf75bafd88a72f?s=96&d=mm&r=g"},"description":"Hi. I'm a solo artist and music composer for films and video games. I also write a blog, mostly music related, but also include other things of my interest."}]}},"_links":{"self":[{"href":"https:\/\/www.joe-rainey.com\/es\/wp-json\/wp\/v2\/product\/2994","targetHints":{"allow":["GET"]}}],"collection":[{"href":"https:\/\/www.joe-rainey.com\/es\/wp-json\/wp\/v2\/product"}],"about":[{"href":"https:\/\/www.joe-rainey.com\/es\/wp-json\/wp\/v2\/types\/product"}],"wp:featuredmedia":[{"embeddable":true,"href":"https:\/\/www.joe-rainey.com\/es\/wp-json\/wp\/v2\/media\/2324"}],"wp:attachment":[{"href":"https:\/\/www.joe-rainey.com\/es\/wp-json\/wp\/v2\/media?parent=2994"}],"wp:term":[{"taxonomy":"product_brand","embeddable":true,"href":"https:\/\/www.joe-rainey.com\/es\/wp-json\/wp\/v2\/product_brand?post=2994"},{"taxonomy":"product_cat","embeddable":true,"href":"https:\/\/www.joe-rainey.com\/es\/wp-json\/wp\/v2\/product_cat?post=2994"},{"taxonomy":"product_tag","embeddable":true,"href":"https:\/\/www.joe-rainey.com\/es\/wp-json\/wp\/v2\/product_tag?post=2994"}],"curies":[{"name":"wp","href":"https:\/\/api.w.org\/{rel}","templated":true}]}}