{"id":2996,"date":"2020-11-07T03:52:44","date_gmt":"2020-11-07T03:52:44","guid":{"rendered":"https:\/\/www.joeraineymusic.com\/?post_type=product&#038;p=2996"},"modified":"2020-11-12T09:38:56","modified_gmt":"2020-11-12T09:38:56","slug":"music-copying-services","status":"publish","type":"product","link":"https:\/\/www.joe-rainey.com\/es\/producto\/music-copying-services\/","title":{"rendered":"Servicio Creaci\u00f3n de partituras"},"content":{"rendered":"","protected":false},"excerpt":{"rendered":"","protected":false},"featured_media":2304,"template":"","meta":{"_monsterinsights_skip_tracking":false,"_monsterinsights_sitenote_active":false,"_monsterinsights_sitenote_note":"","_monsterinsights_sitenote_category":0},"product_brand":[],"product_cat":[89],"product_tag":[95],"class_list":{"0":"post-2996","1":"product","2":"type-product","3":"status-publish","4":"has-post-thumbnail","6":"product_cat-music-production","7":"product_tag-copying","9":"first","10":"instock","11":"shipping-taxable","12":"product-type-simple"},"yoast_head":"<!-- This site is optimized with the Yoast SEO plugin v27.4 - https:\/\/yoast.com\/product\/yoast-seo-wordpress\/ -->\n<title>Music Copying Services - Music Composer - Joe Rainey<\/title>\n<meta name=\"description\" content=\"Music copying services for creating and preparing music scores based on any piece of music. I can help you with your music notation needs.\" \/>\n<meta name=\"robots\" content=\"index, follow, max-snippet:-1, max-image-preview:large, max-video-preview:-1\" \/>\n<link rel=\"canonical\" href=\"https:\/\/www.joe-rainey.com\/es\/producto\/music-copying-services\/\" \/>\n<meta property=\"og:locale\" content=\"es_ES\" \/>\n<meta property=\"og:type\" content=\"article\" \/>\n<meta property=\"og:title\" content=\"Music Copying Services - Music Composer - Joe Rainey\" \/>\n<meta property=\"og:description\" content=\"Music copying services for creating and preparing music scores based on any piece of music. I can help you with your music notation needs.\" \/>\n<meta property=\"og:url\" content=\"https:\/\/www.joe-rainey.com\/es\/producto\/music-copying-services\/\" \/>\n<meta property=\"og:site_name\" content=\"Joe Rainey\" \/>\n<meta property=\"article:modified_time\" content=\"2020-11-12T09:38:56+00:00\" \/>\n<meta property=\"og:image\" content=\"https:\/\/www.joe-rainey.com\/wp-content\/uploads\/2020\/06\/pngwave-17.png\" \/>\n\t<meta property=\"og:image:width\" content=\"1200\" \/>\n\t<meta property=\"og:image:height\" content=\"1201\" \/>\n\t<meta property=\"og:image:type\" content=\"image\/png\" \/>\n<meta name=\"twitter:card\" content=\"summary_large_image\" \/>\n<script type=\"application\/ld+json\" class=\"yoast-schema-graph\">{\"@context\":\"https:\\\/\\\/schema.org\",\"@graph\":[{\"@type\":\"WebPage\",\"@id\":\"https:\\\/\\\/www.joe-rainey.com\\\/product\\\/music-copying-services\\\/\",\"url\":\"https:\\\/\\\/www.joe-rainey.com\\\/product\\\/music-copying-services\\\/\",\"name\":\"Music Copying Services - Music Composer - Joe Rainey\",\"isPartOf\":{\"@id\":\"https:\\\/\\\/www.joe-rainey.com\\\/#website\"},\"primaryImageOfPage\":{\"@id\":\"https:\\\/\\\/www.joe-rainey.com\\\/product\\\/music-copying-services\\\/#primaryimage\"},\"image\":{\"@id\":\"https:\\\/\\\/www.joe-rainey.com\\\/product\\\/music-copying-services\\\/#primaryimage\"},\"thumbnailUrl\":\"https:\\\/\\\/www.joe-rainey.com\\\/wp-content\\\/uploads\\\/2020\\\/06\\\/pngwave-17.png\",\"datePublished\":\"2020-11-07T03:52:44+00:00\",\"dateModified\":\"2020-11-12T09:38:56+00:00\",\"description\":\"Music copying services for creating and preparing music scores based on any piece of music. I can help you with your music notation needs.\",\"breadcrumb\":{\"@id\":\"https:\\\/\\\/www.joe-rainey.com\\\/product\\\/music-copying-services\\\/#breadcrumb\"},\"inLanguage\":\"es\",\"potentialAction\":[{\"@type\":\"ReadAction\",\"target\":[\"https:\\\/\\\/www.joe-rainey.com\\\/product\\\/music-copying-services\\\/\"]}]},{\"@type\":\"ImageObject\",\"inLanguage\":\"es\",\"@id\":\"https:\\\/\\\/www.joe-rainey.com\\\/product\\\/music-copying-services\\\/#primaryimage\",\"url\":\"https:\\\/\\\/www.joe-rainey.com\\\/wp-content\\\/uploads\\\/2020\\\/06\\\/pngwave-17.png\",\"contentUrl\":\"https:\\\/\\\/www.joe-rainey.com\\\/wp-content\\\/uploads\\\/2020\\\/06\\\/pngwave-17.png\",\"width\":1200,\"height\":1201,\"caption\":\"Music Copying\"},{\"@type\":\"BreadcrumbList\",\"@id\":\"https:\\\/\\\/www.joe-rainey.com\\\/product\\\/music-copying-services\\\/#breadcrumb\",\"itemListElement\":[{\"@type\":\"ListItem\",\"position\":1,\"name\":\"Home\",\"item\":\"https:\\\/\\\/www.joe-rainey.com\\\/\"},{\"@type\":\"ListItem\",\"position\":2,\"name\":\"Shop\",\"item\":\"https:\\\/\\\/www.joe-rainey.com\\\/es\\\/music-services\\\/\"},{\"@type\":\"ListItem\",\"position\":3,\"name\":\"Music Copying Services\"}]},{\"@type\":\"WebSite\",\"@id\":\"https:\\\/\\\/www.joe-rainey.com\\\/#website\",\"url\":\"https:\\\/\\\/www.joe-rainey.com\\\/\",\"name\":\"Joe Rainey\",\"description\":\"\",\"publisher\":{\"@id\":\"https:\\\/\\\/www.joe-rainey.com\\\/#\\\/schema\\\/person\\\/d289d28ce84554c3549688d3ab4531a1\"},\"potentialAction\":[{\"@type\":\"SearchAction\",\"target\":{\"@type\":\"EntryPoint\",\"urlTemplate\":\"https:\\\/\\\/www.joe-rainey.com\\\/?s={search_term_string}\"},\"query-input\":{\"@type\":\"PropertyValueSpecification\",\"valueRequired\":true,\"valueName\":\"search_term_string\"}}],\"inLanguage\":\"es\"},{\"@type\":[\"Person\",\"Organization\"],\"@id\":\"https:\\\/\\\/www.joe-rainey.com\\\/#\\\/schema\\\/person\\\/d289d28ce84554c3549688d3ab4531a1\",\"name\":\"Joe Rainey\",\"image\":{\"@type\":\"ImageObject\",\"inLanguage\":\"es\",\"@id\":\"https:\\\/\\\/secure.gravatar.com\\\/avatar\\\/e159ac7d5ce51fcb77106aa31a4efcca6a824386af1ccb2ab8bf75bafd88a72f?s=96&d=mm&r=g\",\"url\":\"https:\\\/\\\/secure.gravatar.com\\\/avatar\\\/e159ac7d5ce51fcb77106aa31a4efcca6a824386af1ccb2ab8bf75bafd88a72f?s=96&d=mm&r=g\",\"contentUrl\":\"https:\\\/\\\/secure.gravatar.com\\\/avatar\\\/e159ac7d5ce51fcb77106aa31a4efcca6a824386af1ccb2ab8bf75bafd88a72f?s=96&d=mm&r=g\",\"caption\":\"Joe Rainey\"},\"logo\":{\"@id\":\"https:\\\/\\\/secure.gravatar.com\\\/avatar\\\/e159ac7d5ce51fcb77106aa31a4efcca6a824386af1ccb2ab8bf75bafd88a72f?s=96&d=mm&r=g\"},\"description\":\"Hi. I'm a solo artist and music composer for films and video games. I also write a blog, mostly music related, but also include other things of my interest.\"}]}<\/script>\n<!-- \/ Yoast SEO plugin. -->","yoast_head_json":{"title":"Music Copying Services - Music Composer - Joe Rainey","description":"Servicios de creaci\u00f3n y edici\u00f3n de partituras basadas en cualquier pieza. Puedo ayudarte con todas tus necesidades de notaci\u00f3n musical.","robots":{"index":"index","follow":"follow","max-snippet":"max-snippet:-1","max-image-preview":"max-image-preview:large","max-video-preview":"max-video-preview:-1"},"canonical":"https:\/\/www.joe-rainey.com\/es\/producto\/music-copying-services\/","og_locale":"es_ES","og_type":"article","og_title":"Music Copying Services - Music Composer - Joe Rainey","og_description":"Music copying services for creating and preparing music scores based on any piece of music. I can help you with your music notation needs.","og_url":"https:\/\/www.joe-rainey.com\/es\/producto\/music-copying-services\/","og_site_name":"Joe Rainey","article_modified_time":"2020-11-12T09:38:56+00:00","og_image":[{"width":1200,"height":1201,"url":"https:\/\/www.joe-rainey.com\/wp-content\/uploads\/2020\/06\/pngwave-17.png","type":"image\/png"}],"twitter_card":"summary_large_image","schema":{"@context":"https:\/\/schema.org","@graph":[{"@type":"WebPage","@id":"https:\/\/www.joe-rainey.com\/product\/music-copying-services\/","url":"https:\/\/www.joe-rainey.com\/product\/music-copying-services\/","name":"Music Copying Services - Music Composer - Joe Rainey","isPartOf":{"@id":"https:\/\/www.joe-rainey.com\/#website"},"primaryImageOfPage":{"@id":"https:\/\/www.joe-rainey.com\/product\/music-copying-services\/#primaryimage"},"image":{"@id":"https:\/\/www.joe-rainey.com\/product\/music-copying-services\/#primaryimage"},"thumbnailUrl":"https:\/\/www.joe-rainey.com\/wp-content\/uploads\/2020\/06\/pngwave-17.png","datePublished":"2020-11-07T03:52:44+00:00","dateModified":"2020-11-12T09:38:56+00:00","description":"Servicios de creaci\u00f3n y edici\u00f3n de partituras basadas en cualquier pieza. Puedo ayudarte con todas tus necesidades de notaci\u00f3n musical.","breadcrumb":{"@id":"https:\/\/www.joe-rainey.com\/product\/music-copying-services\/#breadcrumb"},"inLanguage":"es","potentialAction":[{"@type":"ReadAction","target":["https:\/\/www.joe-rainey.com\/product\/music-copying-services\/"]}]},{"@type":"ImageObject","inLanguage":"es","@id":"https:\/\/www.joe-rainey.com\/product\/music-copying-services\/#primaryimage","url":"https:\/\/www.joe-rainey.com\/wp-content\/uploads\/2020\/06\/pngwave-17.png","contentUrl":"https:\/\/www.joe-rainey.com\/wp-content\/uploads\/2020\/06\/pngwave-17.png","width":1200,"height":1201,"caption":"Music Copying"},{"@type":"BreadcrumbList","@id":"https:\/\/www.joe-rainey.com\/product\/music-copying-services\/#breadcrumb","itemListElement":[{"@type":"ListItem","position":1,"name":"Home","item":"https:\/\/www.joe-rainey.com\/"},{"@type":"ListItem","position":2,"name":"Shop","item":"https:\/\/www.joe-rainey.com\/es\/music-services\/"},{"@type":"ListItem","position":3,"name":"Music Copying Services"}]},{"@type":"WebSite","@id":"https:\/\/www.joe-rainey.com\/#website","url":"https:\/\/www.joe-rainey.com\/","name":"Joe Rainey","description":"","publisher":{"@id":"https:\/\/www.joe-rainey.com\/#\/schema\/person\/d289d28ce84554c3549688d3ab4531a1"},"potentialAction":[{"@type":"SearchAction","target":{"@type":"EntryPoint","urlTemplate":"https:\/\/www.joe-rainey.com\/?s={search_term_string}"},"query-input":{"@type":"PropertyValueSpecification","valueRequired":true,"valueName":"search_term_string"}}],"inLanguage":"es"},{"@type":["Person","Organization"],"@id":"https:\/\/www.joe-rainey.com\/#\/schema\/person\/d289d28ce84554c3549688d3ab4531a1","name":"Joe Rainey","image":{"@type":"ImageObject","inLanguage":"es","@id":"https:\/\/secure.gravatar.com\/avatar\/e159ac7d5ce51fcb77106aa31a4efcca6a824386af1ccb2ab8bf75bafd88a72f?s=96&d=mm&r=g","url":"https:\/\/secure.gravatar.com\/avatar\/e159ac7d5ce51fcb77106aa31a4efcca6a824386af1ccb2ab8bf75bafd88a72f?s=96&d=mm&r=g","contentUrl":"https:\/\/secure.gravatar.com\/avatar\/e159ac7d5ce51fcb77106aa31a4efcca6a824386af1ccb2ab8bf75bafd88a72f?s=96&d=mm&r=g","caption":"Joe Rainey"},"logo":{"@id":"https:\/\/secure.gravatar.com\/avatar\/e159ac7d5ce51fcb77106aa31a4efcca6a824386af1ccb2ab8bf75bafd88a72f?s=96&d=mm&r=g"},"description":"Hi. I'm a solo artist and music composer for films and video games. I also write a blog, mostly music related, but also include other things of my interest."}]}},"_links":{"self":[{"href":"https:\/\/www.joe-rainey.com\/es\/wp-json\/wp\/v2\/product\/2996","targetHints":{"allow":["GET"]}}],"collection":[{"href":"https:\/\/www.joe-rainey.com\/es\/wp-json\/wp\/v2\/product"}],"about":[{"href":"https:\/\/www.joe-rainey.com\/es\/wp-json\/wp\/v2\/types\/product"}],"wp:featuredmedia":[{"embeddable":true,"href":"https:\/\/www.joe-rainey.com\/es\/wp-json\/wp\/v2\/media\/2304"}],"wp:attachment":[{"href":"https:\/\/www.joe-rainey.com\/es\/wp-json\/wp\/v2\/media?parent=2996"}],"wp:term":[{"taxonomy":"product_brand","embeddable":true,"href":"https:\/\/www.joe-rainey.com\/es\/wp-json\/wp\/v2\/product_brand?post=2996"},{"taxonomy":"product_cat","embeddable":true,"href":"https:\/\/www.joe-rainey.com\/es\/wp-json\/wp\/v2\/product_cat?post=2996"},{"taxonomy":"product_tag","embeddable":true,"href":"https:\/\/www.joe-rainey.com\/es\/wp-json\/wp\/v2\/product_tag?post=2996"}],"curies":[{"name":"wp","href":"https:\/\/api.w.org\/{rel}","templated":true}]}}