{"id":2998,"date":"2020-11-07T04:04:41","date_gmt":"2020-11-07T04:04:41","guid":{"rendered":"https:\/\/www.joeraineymusic.com\/?post_type=product&#038;p=2998"},"modified":"2020-11-12T09:04:04","modified_gmt":"2020-11-12T09:04:04","slug":"music-arranging","status":"publish","type":"product","link":"https:\/\/www.joe-rainey.com\/es\/producto\/music-arranging\/","title":{"rendered":"Arreglos musicales"},"content":{"rendered":"","protected":false},"excerpt":{"rendered":"<p style=\"font-weight: 400;\">My music arranging services include adding new parts to any song or composition, completely reconceptualizing it, by\u00a0means of\u00a0reharmonization,\u00a0or\u00a0developing it further.<\/p>\n<p style=\"font-weight: 400;\">Whether you need to add some piano, strings or synth parts to your song, create new chord progressions that perfectly match with what you already got, or make the song into a completely different style, count on me to help you achieve your vision.<\/p>\n<p style=\"font-weight: 400;\">I can also go through each part of your song and make sure all the chords are in the right key, and that the notes in the melody match with the harmony as it should, without any unwanted dissonances, that are sometimes hard to detect.<\/p>\n<p style=\"font-weight: 400;\">Let me know more about your project and ideas.\u00a0Please fill out this form. I\u2019ll get back to you with my comments, questions, and a personal quote.<\/p>\n<div class='fluentform ff-default fluentform_wrapper_7 ffs_default_wrap'>\n<form data-form_id=\"7\" id=\"fluentform_7\" class=\"frm-fluent-form fluent_form_7 ff-el-form-top ff_form_instance_7_1 ff-form-loading ff_has_v3_recptcha ffs_default\" data-form_instance=\"ff_form_instance_7_1\" method=\"POST\" data-recptcha_key=\"6LeKGFcpAAAAALMHuiMmdPtM_LK2f3kCgaPZwEmO\" >\n<fieldset  style=\"border: none!important;margin: 0!important;padding: 0!important;background-color: transparent!important;box-shadow: none!important;outline: none!important; min-inline-size: 100%;\">\n<legend class=\"ff_screen_reader_title\" style=\"display: block; margin: 0!important;padding: 0!important;height: 0!important;text-indent: -999999px;width: 0!important;overflow:hidden;\">Arranging<\/legend>\n<p style=\"display: none !important;\" class=\"akismet-fields-container\" data-prefix=\"ak_\"><label>&#916;<textarea name=\"ak_hp_textarea\" cols=\"45\" rows=\"8\" maxlength=\"100\"><\/textarea><\/label><input type=\"hidden\" id=\"ak_js_1\" name=\"ak_js\" value=\"152\"\/><script>\ndocument.getElementById( \"ak_js_1\" ).setAttribute( \"value\", ( new Date() ).getTime() );\n<\/script>\n<\/p>\n<p><input type='hidden' name='__fluent_form_embded_post_id' value='2998' \/><input type=\"hidden\" id=\"_fluentform_7_fluentformnonce\" name=\"_fluentform_7_fluentformnonce\" value=\"7dca849d96\" \/><input type=\"hidden\" name=\"_wp_http_referer\" value=\"\/es\/wp-json\/wp\/v2\/product\/2998\" \/><\/p>\n<div data-type=\"name-element\" data-name=\"names\" class=\" ff-field_container ff-name-field-wrapper\" >\n<div class='ff-t-container'>\n<div class='ff-t-cell '>\n<div class='ff-el-group  ff-el-form-top'>\n<div class=\"ff-el-input--label asterisk-right\"><label for='ff_7_names_first_name_' id='label_ff_7_names_first_name_' >Name<\/label><\/div>\n<div class='ff-el-input--content'><input type=\"text\" name=\"names[first_name]\" id=\"ff_7_names_first_name_\" class=\"ff-el-form-control\" aria-invalid=\"false\" aria-required=false><\/div>\n<\/div>\n<\/div>\n<\/div>\n<\/div>\n<div class='ff-el-group'>\n<div class=\"ff-el-input--label ff-el-is-required asterisk-right\"><label for='ff_7_email' id='label_ff_7_email' aria-label=\"Email\">Email<\/label><\/div>\n<div class='ff-el-input--content'><input type=\"email\" name=\"email\" id=\"ff_7_email\" class=\"ff-el-form-control\" data-name=\"email\"  aria-invalid=\"false\" aria-required=true><\/div>\n<\/div>\n<div data-type=\"name-element\" data-name=\"names_1\" class=\" ff-field_container ff-name-field-wrapper\" >\n<div class='ff-t-container'>\n<div class='ff-t-cell '>\n<div class='ff-el-group  ff-el-form-top'>\n<div class=\"ff-el-input--label asterisk-right\"><label for='ff_7_names_1_first_name_' id='label_ff_7_names_1_first_name_' >Company<\/label><\/div>\n<div class='ff-el-input--content'><input type=\"text\" name=\"names_1[first_name]\" id=\"ff_7_names_1_first_name_\" class=\"ff-el-form-control\" aria-invalid=\"false\" aria-required=false><\/div>\n<\/div>\n<\/div>\n<\/div>\n<\/div>\n<div class='ff-el-group'>\n<div class=\"ff-el-input--label asterisk-right\"><label for='ff_7_input_text_5' id='label_ff_7_input_text_5' aria-label=\"Website\">Website<\/label><\/div>\n<div class='ff-el-input--content'><input type=\"text\" name=\"input_text_5\" class=\"ff-el-form-control\" data-name=\"input_text_5\" id=\"ff_7_input_text_5\"  aria-invalid=\"false\" aria-required=false><\/div>\n<\/div>\n<div class='ff-el-group'>\n<div class=\"ff-el-input--label asterisk-right\"><label for='ff_7_input_text_7' id='label_ff_7_input_text_7' aria-label=\"Please share up to 3 links of musical references for your music arranging project\">Please share up to 3 links of musical references for your music arranging project<\/label><\/div>\n<div class='ff-el-input--content'><input type=\"text\" name=\"input_text_7\" class=\"ff-el-form-control\" placeholder=\"Reference 1\" data-name=\"input_text_7\" id=\"ff_7_input_text_7\"  aria-invalid=\"false\" aria-required=false><\/div>\n<\/div>\n<div class='ff-el-group'>\n<div class='ff-el-input--content'><input type=\"text\" name=\"input_text_11\" class=\"ff-el-form-control\" placeholder=\"Reference 2\" data-name=\"input_text_11\" id=\"ff_7_input_text_11\"  aria-invalid=\"false\" aria-required=false><\/div>\n<\/div>\n<div class='ff-el-group'>\n<div class='ff-el-input--content'><input type=\"text\" name=\"input_text_12\" class=\"ff-el-form-control\" placeholder=\"Reference 3\" data-name=\"input_text_12\" id=\"ff_7_input_text_12\"  aria-invalid=\"false\" aria-required=false><\/div>\n<\/div>\n<div class='ff-el-group'>\n<div class=\"ff-el-input--label asterisk-right\"><label for='ff_7_input_text_13' id='label_ff_7_input_text_13' aria-label=\"If you can, please share a link the piece to be arranged\">If you can, please share a link the piece to be arranged<\/label><\/div>\n<div class='ff-el-input--content'><input type=\"text\" name=\"input_text_13\" class=\"ff-el-form-control\" data-name=\"input_text_13\" id=\"ff_7_input_text_13\"  aria-invalid=\"false\" aria-required=false><\/div>\n<\/div>\n<div class='ff-el-group ff-el-form-top'>\n<div class=\"ff-el-input--label ff-el-is-required asterisk-right\"><label for='ff_7_description' id='label_ff_7_description' aria-label=\"Describe your project and requirements\">Describe your project and requirements<\/label><\/div>\n<div class='ff-el-input--content'><textarea aria-required=\"true\" aria-labelledby=\"label_ff_7_description\" name=\"description\" id=\"ff_7_description\" class=\"ff-el-form-control\" rows=\"4\" cols=\"1\" data-name=\"description\" ><\/textarea><\/div>\n<\/div>\n<div class='ff-el-group ff-text-center ff_submit_btn_wrapper'><button type=\"submit\" class=\"ff-btn ff-btn-submit ff-btn-lg ff_btn_style wpf_has_custom_css\"  aria-label=\"Send\">Send<\/button><\/div>\n<\/fieldset>\n<\/form>\n<div id='fluentform_7_errors' class='ff-errors-in-stack ff_form_instance_7_1 ff-form-loading_errors ff_form_instance_7_1_errors'><\/div>\n<\/div>\n<p>            <script type=\"text\/javascript\">\n                window.fluent_form_ff_form_instance_7_1 = {\"id\":\"7\",\"ajaxUrl\":\"https:\\\/\\\/www.joe-rainey.com\\\/wp-admin\\\/admin-ajax.php\",\"settings\":{\"layout\":{\"labelPlacement\":\"top\",\"helpMessagePlacement\":\"with_label\",\"errorMessagePlacement\":\"inline\",\"asteriskPlacement\":\"asterisk-right\"},\"restrictions\":{\"denyEmptySubmission\":{\"enabled\":false}}},\"form_instance\":\"ff_form_instance_7_1\",\"form_id_selector\":\"fluentform_7\",\"rules\":{\"names[first_name]\":{\"required\":{\"value\":false,\"message\":\"This field is required\"}},\"names[middle_name]\":{\"required\":{\"value\":false,\"message\":\"This field is required\"}},\"names[last_name]\":{\"required\":{\"value\":false,\"message\":\"This field is required\"}},\"email\":{\"required\":{\"value\":true,\"message\":\"This field is required\"},\"email\":{\"value\":true,\"message\":\"This field must contain a valid email\"}},\"names_1[first_name]\":{\"required\":{\"value\":false,\"message\":\"This field is required\"}},\"names_1[middle_name]\":{\"required\":{\"value\":false,\"message\":\"This field is required\"}},\"names_1[last_name]\":{\"required\":{\"value\":false,\"message\":\"This field is required\"}},\"input_text_5\":{\"required\":{\"value\":false,\"message\":\"This field is required\"}},\"input_text_7\":{\"required\":{\"value\":false,\"message\":\"This field is required\"}},\"input_text_11\":{\"required\":{\"value\":false,\"message\":\"This field is required\"}},\"input_text_12\":{\"required\":{\"value\":false,\"message\":\"This field is required\"}},\"input_text_13\":{\"required\":{\"value\":false,\"message\":\"This field is required\"}},\"description\":{\"required\":{\"value\":true,\"message\":\"This field is required\"}},\"recaptcha\":[]},\"debounce_time\":300};\n                            <\/script><\/p>\n<p>&nbsp;<\/p>\n<p>&nbsp;<\/p>\n<p>&nbsp;<\/p>\n<p>&nbsp;<\/p>\n","protected":false},"featured_media":2268,"template":"","meta":{"_monsterinsights_skip_tracking":false,"_monsterinsights_sitenote_active":false,"_monsterinsights_sitenote_note":"","_monsterinsights_sitenote_category":0},"product_brand":[],"product_cat":[90,89],"product_tag":[93],"class_list":{"0":"post-2998","1":"product","2":"type-product","3":"status-publish","4":"has-post-thumbnail","6":"product_cat-music-composition","7":"product_cat-music-production","8":"product_tag-arranging","10":"first","11":"instock","12":"shipping-taxable","13":"product-type-simple"},"yoast_head":"<!-- This site is optimized with the Yoast SEO plugin v27.5 - https:\/\/yoast.com\/product\/yoast-seo-wordpress\/ -->\n<title>Music Arranging - Music Composer - Films and Games - Joe Rainey<\/title>\n<meta name=\"description\" content=\"Let me add new parts to any song or composition, completely reconceptualice it by\u00a0means of\u00a0reharmonization,\u00a0or\u00a0develope it further.\" \/>\n<meta name=\"robots\" content=\"index, follow, max-snippet:-1, max-image-preview:large, max-video-preview:-1\" \/>\n<link rel=\"canonical\" href=\"https:\/\/www.joe-rainey.com\/es\/producto\/music-arranging\/\" \/>\n<meta property=\"og:locale\" content=\"es_ES\" \/>\n<meta property=\"og:type\" content=\"article\" \/>\n<meta property=\"og:title\" content=\"Music Arranging - Music Composer - Films and Games - Joe Rainey\" \/>\n<meta property=\"og:description\" content=\"Let me add new parts to any song or composition, completely reconceptualice it by\u00a0means of\u00a0reharmonization,\u00a0or\u00a0develope it further.\" \/>\n<meta property=\"og:url\" content=\"https:\/\/www.joe-rainey.com\/es\/producto\/music-arranging\/\" \/>\n<meta property=\"og:site_name\" content=\"Joe Rainey\" \/>\n<meta property=\"article:modified_time\" content=\"2020-11-12T09:04:04+00:00\" \/>\n<meta property=\"og:image\" content=\"https:\/\/www.joe-rainey.com\/wp-content\/uploads\/2020\/06\/pngwave-2020-05-31T025049.623.png\" \/>\n\t<meta property=\"og:image:width\" content=\"500\" \/>\n\t<meta property=\"og:image:height\" content=\"500\" \/>\n\t<meta property=\"og:image:type\" content=\"image\/png\" \/>\n<meta name=\"twitter:card\" content=\"summary_large_image\" \/>\n<script type=\"application\/ld+json\" class=\"yoast-schema-graph\">{\"@context\":\"https:\\\/\\\/schema.org\",\"@graph\":[{\"@type\":\"WebPage\",\"@id\":\"https:\\\/\\\/www.joe-rainey.com\\\/product\\\/music-arranging\\\/\",\"url\":\"https:\\\/\\\/www.joe-rainey.com\\\/product\\\/music-arranging\\\/\",\"name\":\"Music Arranging - Music Composer - Films and Games - Joe Rainey\",\"isPartOf\":{\"@id\":\"https:\\\/\\\/www.joe-rainey.com\\\/#website\"},\"primaryImageOfPage\":{\"@id\":\"https:\\\/\\\/www.joe-rainey.com\\\/product\\\/music-arranging\\\/#primaryimage\"},\"image\":{\"@id\":\"https:\\\/\\\/www.joe-rainey.com\\\/product\\\/music-arranging\\\/#primaryimage\"},\"thumbnailUrl\":\"https:\\\/\\\/www.joe-rainey.com\\\/wp-content\\\/uploads\\\/2020\\\/06\\\/pngwave-2020-05-31T025049.623.png\",\"datePublished\":\"2020-11-07T04:04:41+00:00\",\"dateModified\":\"2020-11-12T09:04:04+00:00\",\"description\":\"Let me add new parts to any song or composition, completely reconceptualice it by\u00a0means of\u00a0reharmonization,\u00a0or\u00a0develope it further.\",\"breadcrumb\":{\"@id\":\"https:\\\/\\\/www.joe-rainey.com\\\/product\\\/music-arranging\\\/#breadcrumb\"},\"inLanguage\":\"es\",\"potentialAction\":[{\"@type\":\"ReadAction\",\"target\":[\"https:\\\/\\\/www.joe-rainey.com\\\/product\\\/music-arranging\\\/\"]}]},{\"@type\":\"ImageObject\",\"inLanguage\":\"es\",\"@id\":\"https:\\\/\\\/www.joe-rainey.com\\\/product\\\/music-arranging\\\/#primaryimage\",\"url\":\"https:\\\/\\\/www.joe-rainey.com\\\/wp-content\\\/uploads\\\/2020\\\/06\\\/pngwave-2020-05-31T025049.623.png\",\"contentUrl\":\"https:\\\/\\\/www.joe-rainey.com\\\/wp-content\\\/uploads\\\/2020\\\/06\\\/pngwave-2020-05-31T025049.623.png\",\"width\":500,\"height\":500,\"caption\":\"Arranging\"},{\"@type\":\"BreadcrumbList\",\"@id\":\"https:\\\/\\\/www.joe-rainey.com\\\/product\\\/music-arranging\\\/#breadcrumb\",\"itemListElement\":[{\"@type\":\"ListItem\",\"position\":1,\"name\":\"Home\",\"item\":\"https:\\\/\\\/www.joe-rainey.com\\\/\"},{\"@type\":\"ListItem\",\"position\":2,\"name\":\"Shop\",\"item\":\"https:\\\/\\\/www.joe-rainey.com\\\/es\\\/music-services\\\/\"},{\"@type\":\"ListItem\",\"position\":3,\"name\":\"Music Arranging\"}]},{\"@type\":\"WebSite\",\"@id\":\"https:\\\/\\\/www.joe-rainey.com\\\/#website\",\"url\":\"https:\\\/\\\/www.joe-rainey.com\\\/\",\"name\":\"Joe Rainey\",\"description\":\"\",\"publisher\":{\"@id\":\"https:\\\/\\\/www.joe-rainey.com\\\/#\\\/schema\\\/person\\\/d289d28ce84554c3549688d3ab4531a1\"},\"potentialAction\":[{\"@type\":\"SearchAction\",\"target\":{\"@type\":\"EntryPoint\",\"urlTemplate\":\"https:\\\/\\\/www.joe-rainey.com\\\/?s={search_term_string}\"},\"query-input\":{\"@type\":\"PropertyValueSpecification\",\"valueRequired\":true,\"valueName\":\"search_term_string\"}}],\"inLanguage\":\"es\"},{\"@type\":[\"Person\",\"Organization\"],\"@id\":\"https:\\\/\\\/www.joe-rainey.com\\\/#\\\/schema\\\/person\\\/d289d28ce84554c3549688d3ab4531a1\",\"name\":\"Joe Rainey\",\"image\":{\"@type\":\"ImageObject\",\"inLanguage\":\"es\",\"@id\":\"https:\\\/\\\/secure.gravatar.com\\\/avatar\\\/e159ac7d5ce51fcb77106aa31a4efcca6a824386af1ccb2ab8bf75bafd88a72f?s=96&d=mm&r=g\",\"url\":\"https:\\\/\\\/secure.gravatar.com\\\/avatar\\\/e159ac7d5ce51fcb77106aa31a4efcca6a824386af1ccb2ab8bf75bafd88a72f?s=96&d=mm&r=g\",\"contentUrl\":\"https:\\\/\\\/secure.gravatar.com\\\/avatar\\\/e159ac7d5ce51fcb77106aa31a4efcca6a824386af1ccb2ab8bf75bafd88a72f?s=96&d=mm&r=g\",\"caption\":\"Joe Rainey\"},\"logo\":{\"@id\":\"https:\\\/\\\/secure.gravatar.com\\\/avatar\\\/e159ac7d5ce51fcb77106aa31a4efcca6a824386af1ccb2ab8bf75bafd88a72f?s=96&d=mm&r=g\"},\"description\":\"Hi. I'm a solo artist and music composer for films and video games. I also write a blog, mostly music related, but also include other things of my interest.\"}]}<\/script>\n<!-- \/ Yoast SEO plugin. -->","yoast_head_json":{"title":"Music Arranging - Music Composer - Films and Games - Joe Rainey","description":"D\u00e9jame agregar nuevas partes a cualquier canci\u00f3n, reconceptualizarla mediante una nueva armonizaci\u00f3n, o desarrollarla a\u00fan m\u00e1s.","robots":{"index":"index","follow":"follow","max-snippet":"max-snippet:-1","max-image-preview":"max-image-preview:large","max-video-preview":"max-video-preview:-1"},"canonical":"https:\/\/www.joe-rainey.com\/es\/producto\/music-arranging\/","og_locale":"es_ES","og_type":"article","og_title":"Music Arranging - Music Composer - Films and Games - Joe Rainey","og_description":"Let me add new parts to any song or composition, completely reconceptualice it by\u00a0means of\u00a0reharmonization,\u00a0or\u00a0develope it further.","og_url":"https:\/\/www.joe-rainey.com\/es\/producto\/music-arranging\/","og_site_name":"Joe Rainey","article_modified_time":"2020-11-12T09:04:04+00:00","og_image":[{"width":500,"height":500,"url":"https:\/\/www.joe-rainey.com\/wp-content\/uploads\/2020\/06\/pngwave-2020-05-31T025049.623.png","type":"image\/png"}],"twitter_card":"summary_large_image","schema":{"@context":"https:\/\/schema.org","@graph":[{"@type":"WebPage","@id":"https:\/\/www.joe-rainey.com\/product\/music-arranging\/","url":"https:\/\/www.joe-rainey.com\/product\/music-arranging\/","name":"Music Arranging - Music Composer - Films and Games - Joe Rainey","isPartOf":{"@id":"https:\/\/www.joe-rainey.com\/#website"},"primaryImageOfPage":{"@id":"https:\/\/www.joe-rainey.com\/product\/music-arranging\/#primaryimage"},"image":{"@id":"https:\/\/www.joe-rainey.com\/product\/music-arranging\/#primaryimage"},"thumbnailUrl":"https:\/\/www.joe-rainey.com\/wp-content\/uploads\/2020\/06\/pngwave-2020-05-31T025049.623.png","datePublished":"2020-11-07T04:04:41+00:00","dateModified":"2020-11-12T09:04:04+00:00","description":"D\u00e9jame agregar nuevas partes a cualquier canci\u00f3n, reconceptualizarla mediante una nueva armonizaci\u00f3n, o desarrollarla a\u00fan m\u00e1s.","breadcrumb":{"@id":"https:\/\/www.joe-rainey.com\/product\/music-arranging\/#breadcrumb"},"inLanguage":"es","potentialAction":[{"@type":"ReadAction","target":["https:\/\/www.joe-rainey.com\/product\/music-arranging\/"]}]},{"@type":"ImageObject","inLanguage":"es","@id":"https:\/\/www.joe-rainey.com\/product\/music-arranging\/#primaryimage","url":"https:\/\/www.joe-rainey.com\/wp-content\/uploads\/2020\/06\/pngwave-2020-05-31T025049.623.png","contentUrl":"https:\/\/www.joe-rainey.com\/wp-content\/uploads\/2020\/06\/pngwave-2020-05-31T025049.623.png","width":500,"height":500,"caption":"Arranging"},{"@type":"BreadcrumbList","@id":"https:\/\/www.joe-rainey.com\/product\/music-arranging\/#breadcrumb","itemListElement":[{"@type":"ListItem","position":1,"name":"Home","item":"https:\/\/www.joe-rainey.com\/"},{"@type":"ListItem","position":2,"name":"Shop","item":"https:\/\/www.joe-rainey.com\/es\/music-services\/"},{"@type":"ListItem","position":3,"name":"Music Arranging"}]},{"@type":"WebSite","@id":"https:\/\/www.joe-rainey.com\/#website","url":"https:\/\/www.joe-rainey.com\/","name":"Joe Rainey","description":"","publisher":{"@id":"https:\/\/www.joe-rainey.com\/#\/schema\/person\/d289d28ce84554c3549688d3ab4531a1"},"potentialAction":[{"@type":"SearchAction","target":{"@type":"EntryPoint","urlTemplate":"https:\/\/www.joe-rainey.com\/?s={search_term_string}"},"query-input":{"@type":"PropertyValueSpecification","valueRequired":true,"valueName":"search_term_string"}}],"inLanguage":"es"},{"@type":["Person","Organization"],"@id":"https:\/\/www.joe-rainey.com\/#\/schema\/person\/d289d28ce84554c3549688d3ab4531a1","name":"Joe Rainey","image":{"@type":"ImageObject","inLanguage":"es","@id":"https:\/\/secure.gravatar.com\/avatar\/e159ac7d5ce51fcb77106aa31a4efcca6a824386af1ccb2ab8bf75bafd88a72f?s=96&d=mm&r=g","url":"https:\/\/secure.gravatar.com\/avatar\/e159ac7d5ce51fcb77106aa31a4efcca6a824386af1ccb2ab8bf75bafd88a72f?s=96&d=mm&r=g","contentUrl":"https:\/\/secure.gravatar.com\/avatar\/e159ac7d5ce51fcb77106aa31a4efcca6a824386af1ccb2ab8bf75bafd88a72f?s=96&d=mm&r=g","caption":"Joe Rainey"},"logo":{"@id":"https:\/\/secure.gravatar.com\/avatar\/e159ac7d5ce51fcb77106aa31a4efcca6a824386af1ccb2ab8bf75bafd88a72f?s=96&d=mm&r=g"},"description":"Hi. I'm a solo artist and music composer for films and video games. I also write a blog, mostly music related, but also include other things of my interest."}]}},"_links":{"self":[{"href":"https:\/\/www.joe-rainey.com\/es\/wp-json\/wp\/v2\/product\/2998","targetHints":{"allow":["GET"]}}],"collection":[{"href":"https:\/\/www.joe-rainey.com\/es\/wp-json\/wp\/v2\/product"}],"about":[{"href":"https:\/\/www.joe-rainey.com\/es\/wp-json\/wp\/v2\/types\/product"}],"wp:featuredmedia":[{"embeddable":true,"href":"https:\/\/www.joe-rainey.com\/es\/wp-json\/wp\/v2\/media\/2268"}],"wp:attachment":[{"href":"https:\/\/www.joe-rainey.com\/es\/wp-json\/wp\/v2\/media?parent=2998"}],"wp:term":[{"taxonomy":"product_brand","embeddable":true,"href":"https:\/\/www.joe-rainey.com\/es\/wp-json\/wp\/v2\/product_brand?post=2998"},{"taxonomy":"product_cat","embeddable":true,"href":"https:\/\/www.joe-rainey.com\/es\/wp-json\/wp\/v2\/product_cat?post=2998"},{"taxonomy":"product_tag","embeddable":true,"href":"https:\/\/www.joe-rainey.com\/es\/wp-json\/wp\/v2\/product_tag?post=2998"}],"curies":[{"name":"wp","href":"https:\/\/api.w.org\/{rel}","templated":true}]}}